{"id":244,"date":"2022-08-11T16:09:52","date_gmt":"2022-08-11T16:09:52","guid":{"rendered":"https:\/\/epssecurity.ro\/?page_id=244"},"modified":"2022-08-13T09:03:40","modified_gmt":"2022-08-13T09:03:40","slug":"screening-personal","status":"publish","type":"page","link":"https:\/\/epssecurity.ro\/index.php\/screening-personal\/","title":{"rendered":"Screening Personal"},"content":{"rendered":"\n<p>Un program robust de screening a angaja\u021bilor, eventualilor parteneri sau asocia\u021bi ajut\u0103 organiza\u021biile s\u0103 minimizeze riscul de a lua decizii de recrutare sau asocieri inadecvate, care, dac\u0103 nu sunt verificate, ar putea duce la fraud\u0103, infrac\u021biune sau abatere \u0219i ar putea cauza prejudicii m\u0103rcii, reputa\u021biei \u0219i situa\u021biei financiare a companiei dumneavoastr\u0103.<\/p>\n\n\n\n<p>Fuziunile \u0219i achizi\u021biile, asocia\u021biile \u00een participa\u021biune, verificarea furnizorilor ter\u021bi \u0219i numirea membrilor consiliului executiv sunt procese complexe de luare a deciziilor \u00een care reputa\u021bia, securitatea, finan\u021bele \u0219i expunerea juridic\u0103 a unei companii sunt poten\u021bial \u00een pericol dac\u0103 nu sunt efectuate controalele \u0219i procedurile adecvate. afar\u0103. Verific\u0103rile de screening \u00eenainte de angajare ale candida\u021bilor necesari pentru a ocupa posturile critice, evaluarea reputa\u021biei unei persoane cu o re\u021bea \u00eenalt\u0103 \u00eenainte de o fuziune sau \u00een\u021belegerea vulnerabilit\u0103\u021bilor \u00eenainte de o investi\u021bie sunt necesare pentru a reduce riscurile pentru afacere.<\/p>\n\n\n\n<figure class=\"wp-block-image size-large is-resized\"><img loading=\"lazy\" decoding=\"async\" src=\"https:\/\/epssecurity.ro\/wp-content\/uploads\/2022\/08\/1920-800-2-6-1024x427.jpg\" alt=\"\" class=\"wp-image-399\" width=\"1141\" height=\"476\" srcset=\"https:\/\/epssecurity.ro\/wp-content\/uploads\/2022\/08\/1920-800-2-6-1024x427.jpg 1024w, https:\/\/epssecurity.ro\/wp-content\/uploads\/2022\/08\/1920-800-2-6-300x125.jpg 300w, https:\/\/epssecurity.ro\/wp-content\/uploads\/2022\/08\/1920-800-2-6-768x320.jpg 768w, https:\/\/epssecurity.ro\/wp-content\/uploads\/2022\/08\/1920-800-2-6-1536x640.jpg 1536w, https:\/\/epssecurity.ro\/wp-content\/uploads\/2022\/08\/1920-800-2-6-600x250.jpg 600w, https:\/\/epssecurity.ro\/wp-content\/uploads\/2022\/08\/1920-800-2-6.jpg 1920w\" sizes=\"auto, (max-width: 1141px) 100vw, 1141px\" \/><\/figure>\n","protected":false},"excerpt":{"rendered":"<p>Un program robust de screening a angaja\u021bilor, eventualilor parteneri sau asocia\u021bi ajut\u0103 organiza\u021biile s\u0103 minimizeze riscul de a lua decizii de recrutare sau asocieri inadecvate, care, dac\u0103 nu sunt verificate, ar putea duce la fraud\u0103, infrac\u021biune sau abatere \u0219i ar putea cauza prejudicii m\u0103rcii, reputa\u021biei \u0219i situa\u021biei financiare a companiei dumneavoastr\u0103. Fuziunile \u0219i achizi\u021biile, asocia\u021biile &hellip; <\/p>\n<p class=\"link-more\"><a href=\"https:\/\/epssecurity.ro\/index.php\/screening-personal\/\" class=\"more-link\">Continue reading<span class=\"screen-reader-text\"> &#8220;Screening Personal&#8221;<\/span><\/a><\/p>\n","protected":false},"author":1,"featured_media":0,"parent":0,"menu_order":0,"comment_status":"closed","ping_status":"closed","template":"","meta":{"_regular_price":[],"currency_symbol":[],"footnotes":""},"class_list":["post-244","page","type-page","status-publish","hentry"],"post_slider_layout_featured_media_urls":{"thumbnail":"","post_slider_layout_landscape_large":"","post_slider_layout_portrait_large":"","post_slider_layout_square_large":"","post_slider_layout_landscape":"","post_slider_layout_portrait":"","post_slider_layout_square":"","full":""},"_links":{"self":[{"href":"https:\/\/epssecurity.ro\/index.php\/wp-json\/wp\/v2\/pages\/244","targetHints":{"allow":["GET"]}}],"collection":[{"href":"https:\/\/epssecurity.ro\/index.php\/wp-json\/wp\/v2\/pages"}],"about":[{"href":"https:\/\/epssecurity.ro\/index.php\/wp-json\/wp\/v2\/types\/page"}],"author":[{"embeddable":true,"href":"https:\/\/epssecurity.ro\/index.php\/wp-json\/wp\/v2\/users\/1"}],"replies":[{"embeddable":true,"href":"https:\/\/epssecurity.ro\/index.php\/wp-json\/wp\/v2\/comments?post=244"}],"version-history":[{"count":3,"href":"https:\/\/epssecurity.ro\/index.php\/wp-json\/wp\/v2\/pages\/244\/revisions"}],"predecessor-version":[{"id":419,"href":"https:\/\/epssecurity.ro\/index.php\/wp-json\/wp\/v2\/pages\/244\/revisions\/419"}],"wp:attachment":[{"href":"https:\/\/epssecurity.ro\/index.php\/wp-json\/wp\/v2\/media?parent=244"}],"curies":[{"name":"wp","href":"https:\/\/api.w.org\/{rel}","templated":true}]}}